{"id":75,"date":"2026-03-08T20:30:37","date_gmt":"2026-03-08T19:30:37","guid":{"rendered":"https:\/\/amiyu.pl\/?page_id=75"},"modified":"2026-03-17T11:04:09","modified_gmt":"2026-03-17T10:04:09","slug":"elementor-strona-75","status":"publish","type":"page","link":"https:\/\/amiyu.pl\/","title":{"rendered":"Strona g\u0142\u00f3wna"},"content":{"rendered":"\t\t<div data-elementor-type=\"wp-page\" data-elementor-id=\"75\" class=\"elementor elementor-75\" data-elementor-post-type=\"page\">\n\t\t\t\t<div class=\"elementor-element elementor-element-aa270c2 e-con-full e-flex wpr-particle-no wpr-jarallax-no wpr-parallax-no wpr-sticky-section-no e-con e-parent\" data-id=\"aa270c2\" data-element_type=\"container\" data-e-type=\"container\" data-settings=\"{&quot;background_background&quot;:&quot;classic&quot;}\">\n\t\t\t\t<div class=\"elementor-element elementor-element-eefcf22 elementor-widget elementor-widget-spacer\" data-id=\"eefcf22\" data-element_type=\"widget\" data-e-type=\"widget\" data-widget_type=\"spacer.default\">\n\t\t\t\t\t\t\t<div class=\"elementor-spacer\">\n\t\t\t<div class=\"elementor-spacer-inner\"><\/div>\n\t\t<\/div>\n\t\t\t\t\t\t<\/div>\n\t\t\t\t<\/div>\n\t\t<div class=\"elementor-element elementor-element-fc9cd74 e-con-full e-flex wpr-particle-no wpr-jarallax-no wpr-parallax-no wpr-sticky-section-no e-con e-parent\" data-id=\"fc9cd74\" data-element_type=\"container\" data-e-type=\"container\" data-settings=\"{&quot;background_background&quot;:&quot;classic&quot;}\">\n\t\t\t\t<div class=\"elementor-element elementor-element-3a7f62a elementor-widget elementor-widget-heading\" data-id=\"3a7f62a\" data-element_type=\"widget\" data-e-type=\"widget\" data-widget_type=\"heading.default\">\n\t\t\t\t\t<h2 class=\"elementor-heading-title elementor-size-default\">Czy wiesz, \u017ce bi\u017cuteria Amiyu...<\/h2>\t\t\t\t<\/div>\n\t\t\t\t<\/div>\n\t\t<div class=\"elementor-element elementor-element-616deb2 e-con-full e-flex wpr-particle-no wpr-jarallax-no wpr-parallax-no wpr-sticky-section-no e-con e-parent\" data-id=\"616deb2\" data-element_type=\"container\" data-e-type=\"container\" data-settings=\"{&quot;background_background&quot;:&quot;classic&quot;}\">\n\t\t<div class=\"elementor-element elementor-element-7846c3b e-con-full e-flex wpr-particle-no wpr-jarallax-no wpr-parallax-no wpr-sticky-section-no e-con e-child\" data-id=\"7846c3b\" data-element_type=\"container\" data-e-type=\"container\">\n\t\t\t\t<div class=\"elementor-element elementor-element-b51e096 elementor-position-left elementor-vertical-align-middle elementor-widget elementor-widget-image-box\" data-id=\"b51e096\" data-element_type=\"widget\" data-e-type=\"widget\" data-widget_type=\"image-box.default\">\n\t\t\t\t\t<div class=\"elementor-image-box-wrapper\"><figure class=\"elementor-image-box-img\"><img fetchpriority=\"high\" decoding=\"async\" width=\"2000\" height=\"2000\" src=\"https:\/\/amiyu.pl\/wp-content\/uploads\/2026\/03\/3.png\" class=\"attachment-full size-full wp-image-242\" alt=\"\" srcset=\"https:\/\/amiyu.pl\/wp-content\/uploads\/2026\/03\/3.png 2000w, https:\/\/amiyu.pl\/wp-content\/uploads\/2026\/03\/3-300x300.png 300w, https:\/\/amiyu.pl\/wp-content\/uploads\/2026\/03\/3-1024x1024.png 1024w, https:\/\/amiyu.pl\/wp-content\/uploads\/2026\/03\/3-150x150.png 150w, https:\/\/amiyu.pl\/wp-content\/uploads\/2026\/03\/3-768x768.png 768w, https:\/\/amiyu.pl\/wp-content\/uploads\/2026\/03\/3-1536x1536.png 1536w, https:\/\/amiyu.pl\/wp-content\/uploads\/2026\/03\/3-600x600.png 600w, https:\/\/amiyu.pl\/wp-content\/uploads\/2026\/03\/3-100x100.png 100w, https:\/\/amiyu.pl\/wp-content\/uploads\/2026\/03\/3-64x64.png 64w\" sizes=\"(max-width: 2000px) 100vw, 2000px\" \/><\/figure><div class=\"elementor-image-box-content\"><p class=\"elementor-image-box-description\">Jest tworzona przez mnie r\u0119cznie, w Polsce<\/p><\/div><\/div>\t\t\t\t<\/div>\n\t\t\t\t<\/div>\n\t\t<div class=\"elementor-element elementor-element-68ca764 e-con-full e-flex wpr-particle-no wpr-jarallax-no wpr-parallax-no wpr-sticky-section-no e-con e-child\" data-id=\"68ca764\" data-element_type=\"container\" data-e-type=\"container\">\n\t\t\t\t<div class=\"elementor-element elementor-element-a6deb81 elementor-position-left elementor-vertical-align-middle elementor-widget elementor-widget-image-box\" data-id=\"a6deb81\" data-element_type=\"widget\" data-e-type=\"widget\" data-widget_type=\"image-box.default\">\n\t\t\t\t\t<div class=\"elementor-image-box-wrapper\"><figure class=\"elementor-image-box-img\"><img decoding=\"async\" width=\"2000\" height=\"2000\" src=\"https:\/\/amiyu.pl\/wp-content\/uploads\/2026\/03\/1.png\" class=\"attachment-full size-full wp-image-240\" alt=\"\" srcset=\"https:\/\/amiyu.pl\/wp-content\/uploads\/2026\/03\/1.png 2000w, https:\/\/amiyu.pl\/wp-content\/uploads\/2026\/03\/1-300x300.png 300w, https:\/\/amiyu.pl\/wp-content\/uploads\/2026\/03\/1-1024x1024.png 1024w, https:\/\/amiyu.pl\/wp-content\/uploads\/2026\/03\/1-150x150.png 150w, https:\/\/amiyu.pl\/wp-content\/uploads\/2026\/03\/1-768x768.png 768w, https:\/\/amiyu.pl\/wp-content\/uploads\/2026\/03\/1-1536x1536.png 1536w, https:\/\/amiyu.pl\/wp-content\/uploads\/2026\/03\/1-600x600.png 600w, https:\/\/amiyu.pl\/wp-content\/uploads\/2026\/03\/1-100x100.png 100w, https:\/\/amiyu.pl\/wp-content\/uploads\/2026\/03\/1-64x64.png 64w\" sizes=\"(max-width: 2000px) 100vw, 2000px\" \/><\/figure><div class=\"elementor-image-box-content\"><p class=\"elementor-image-box-description\">Tworzona jest na podstawie autorskich projekt\u00f3w<\/p><\/div><\/div>\t\t\t\t<\/div>\n\t\t\t\t<\/div>\n\t\t<div class=\"elementor-element elementor-element-df805cf e-con-full e-flex wpr-particle-no wpr-jarallax-no wpr-parallax-no wpr-sticky-section-no e-con e-child\" data-id=\"df805cf\" data-element_type=\"container\" data-e-type=\"container\">\n\t\t\t\t<div class=\"elementor-element elementor-element-3657801 elementor-position-left elementor-vertical-align-middle elementor-widget elementor-widget-image-box\" data-id=\"3657801\" data-element_type=\"widget\" data-e-type=\"widget\" data-widget_type=\"image-box.default\">\n\t\t\t\t\t<div class=\"elementor-image-box-wrapper\"><figure class=\"elementor-image-box-img\"><img decoding=\"async\" width=\"2000\" height=\"2000\" src=\"https:\/\/amiyu.pl\/wp-content\/uploads\/2026\/03\/2.png\" class=\"attachment-full size-full wp-image-241\" alt=\"\" srcset=\"https:\/\/amiyu.pl\/wp-content\/uploads\/2026\/03\/2.png 2000w, https:\/\/amiyu.pl\/wp-content\/uploads\/2026\/03\/2-300x300.png 300w, https:\/\/amiyu.pl\/wp-content\/uploads\/2026\/03\/2-1024x1024.png 1024w, https:\/\/amiyu.pl\/wp-content\/uploads\/2026\/03\/2-150x150.png 150w, https:\/\/amiyu.pl\/wp-content\/uploads\/2026\/03\/2-768x768.png 768w, https:\/\/amiyu.pl\/wp-content\/uploads\/2026\/03\/2-1536x1536.png 1536w, https:\/\/amiyu.pl\/wp-content\/uploads\/2026\/03\/2-600x600.png 600w, https:\/\/amiyu.pl\/wp-content\/uploads\/2026\/03\/2-100x100.png 100w, https:\/\/amiyu.pl\/wp-content\/uploads\/2026\/03\/2-64x64.png 64w\" sizes=\"(max-width: 2000px) 100vw, 2000px\" \/><\/figure><div class=\"elementor-image-box-content\"><p class=\"elementor-image-box-description\">Powstaje z najwy\u017cszej jako\u015bci p\u00f3\u0142produkt\u00f3w<\/p><\/div><\/div>\t\t\t\t<\/div>\n\t\t\t\t<\/div>\n\t\t<div class=\"elementor-element elementor-element-a6a90be e-con-full e-flex wpr-particle-no wpr-jarallax-no wpr-parallax-no wpr-sticky-section-no e-con e-child\" data-id=\"a6a90be\" data-element_type=\"container\" data-e-type=\"container\">\n\t\t\t\t<div class=\"elementor-element elementor-element-9b706e8 elementor-position-left elementor-vertical-align-middle elementor-widget elementor-widget-image-box\" data-id=\"9b706e8\" data-element_type=\"widget\" data-e-type=\"widget\" data-widget_type=\"image-box.default\">\n\t\t\t\t\t<div class=\"elementor-image-box-wrapper\"><figure class=\"elementor-image-box-img\"><img loading=\"lazy\" decoding=\"async\" width=\"2000\" height=\"2000\" src=\"https:\/\/amiyu.pl\/wp-content\/uploads\/2026\/03\/4.png\" class=\"attachment-full size-full wp-image-243\" alt=\"\" srcset=\"https:\/\/amiyu.pl\/wp-content\/uploads\/2026\/03\/4.png 2000w, https:\/\/amiyu.pl\/wp-content\/uploads\/2026\/03\/4-300x300.png 300w, https:\/\/amiyu.pl\/wp-content\/uploads\/2026\/03\/4-1024x1024.png 1024w, https:\/\/amiyu.pl\/wp-content\/uploads\/2026\/03\/4-150x150.png 150w, https:\/\/amiyu.pl\/wp-content\/uploads\/2026\/03\/4-768x768.png 768w, https:\/\/amiyu.pl\/wp-content\/uploads\/2026\/03\/4-1536x1536.png 1536w, https:\/\/amiyu.pl\/wp-content\/uploads\/2026\/03\/4-600x600.png 600w, https:\/\/amiyu.pl\/wp-content\/uploads\/2026\/03\/4-100x100.png 100w, https:\/\/amiyu.pl\/wp-content\/uploads\/2026\/03\/4-64x64.png 64w\" sizes=\"(max-width: 2000px) 100vw, 2000px\" \/><\/figure><div class=\"elementor-image-box-content\"><p class=\"elementor-image-box-description\">Nie jest produkowana masowo, ka\u017cda sztuka jest unikatowa<\/p><\/div><\/div>\t\t\t\t<\/div>\n\t\t\t\t<\/div>\n\t\t\t\t<\/div>\n\t\t<div class=\"elementor-element elementor-element-5970ddb e-flex e-con-boxed wpr-particle-no wpr-jarallax-no wpr-parallax-no wpr-sticky-section-no e-con e-parent\" data-id=\"5970ddb\" data-element_type=\"container\" data-e-type=\"container\">\n\t\t\t\t\t<div class=\"e-con-inner\">\n\t\t\t\t\t<\/div>\n\t\t\t\t<\/div>\n\t\t\t\t<\/div>\n\t\t","protected":false},"excerpt":{"rendered":"<p>Czy wiesz, \u017ce bi\u017cuteria Amiyu&#8230; Jest tworzona przez mnie r\u0119cznie, w Polsce Tworzona jest na podstawie autorskich projekt\u00f3w Powstaje z najwy\u017cszej jako\u015bci p\u00f3\u0142produkt\u00f3w Nie jest produkowana masowo, ka\u017cda sztuka jest unikatowa<\/p>\n","protected":false},"author":1,"featured_media":0,"parent":0,"menu_order":0,"comment_status":"closed","ping_status":"closed","template":"","meta":{"_acf_changed":false,"site-sidebar-layout":"no-sidebar","site-content-layout":"","ast-site-content-layout":"full-width-container","site-content-style":"default","site-sidebar-style":"default","ast-global-header-display":"","ast-banner-title-visibility":"","ast-main-header-display":"","ast-hfb-above-header-display":"","ast-hfb-below-header-display":"","ast-hfb-mobile-header-display":"","site-post-title":"","ast-breadcrumbs-content":"","ast-featured-img":"disabled","footer-sml-layout":"","ast-disable-related-posts":"","theme-transparent-header-meta":"","adv-header-id-meta":"","stick-header-meta":"","header-above-stick-meta":"","header-main-stick-meta":"","header-below-stick-meta":"","astra-migrate-meta-layouts":"default","ast-page-background-enabled":"default","ast-page-background-meta":{"desktop":{"background-color":"var(--ast-global-color-5)","background-image":"","background-repeat":"repeat","background-position":"center center","background-size":"auto","background-attachment":"scroll","background-type":"","background-media":"","overlay-type":"","overlay-color":"","overlay-opacity":"","overlay-gradient":""},"tablet":{"background-color":"","background-image":"","background-repeat":"repeat","background-position":"center center","background-size":"auto","background-attachment":"scroll","background-type":"","background-media":"","overlay-type":"","overlay-color":"","overlay-opacity":"","overlay-gradient":""},"mobile":{"background-color":"","background-image":"","background-repeat":"repeat","background-position":"center center","background-size":"auto","background-attachment":"scroll","background-type":"","background-media":"","overlay-type":"","overlay-color":"","overlay-opacity":"","overlay-gradient":""}},"ast-content-background-meta":{"desktop":{"background-color":"var(--ast-global-color-4)","background-image":"","background-repeat":"repeat","background-position":"center center","background-size":"auto","background-attachment":"scroll","background-type":"","background-media":"","overlay-type":"","overlay-color":"","overlay-opacity":"","overlay-gradient":""},"tablet":{"background-color":"var(--ast-global-color-4)","background-image":"","background-repeat":"repeat","background-position":"center center","background-size":"auto","background-attachment":"scroll","background-type":"","background-media":"","overlay-type":"","overlay-color":"","overlay-opacity":"","overlay-gradient":""},"mobile":{"background-color":"var(--ast-global-color-4)","background-image":"","background-repeat":"repeat","background-position":"center center","background-size":"auto","background-attachment":"scroll","background-type":"","background-media":"","overlay-type":"","overlay-color":"","overlay-opacity":"","overlay-gradient":""}},"footnotes":""},"class_list":["post-75","page","type-page","status-publish","hentry"],"acf":[],"_links":{"self":[{"href":"https:\/\/amiyu.pl\/index.php?rest_route=\/wp\/v2\/pages\/75","targetHints":{"allow":["GET"]}}],"collection":[{"href":"https:\/\/amiyu.pl\/index.php?rest_route=\/wp\/v2\/pages"}],"about":[{"href":"https:\/\/amiyu.pl\/index.php?rest_route=\/wp\/v2\/types\/page"}],"author":[{"embeddable":true,"href":"https:\/\/amiyu.pl\/index.php?rest_route=\/wp\/v2\/users\/1"}],"replies":[{"embeddable":true,"href":"https:\/\/amiyu.pl\/index.php?rest_route=%2Fwp%2Fv2%2Fcomments&post=75"}],"version-history":[{"count":84,"href":"https:\/\/amiyu.pl\/index.php?rest_route=\/wp\/v2\/pages\/75\/revisions"}],"predecessor-version":[{"id":276,"href":"https:\/\/amiyu.pl\/index.php?rest_route=\/wp\/v2\/pages\/75\/revisions\/276"}],"wp:attachment":[{"href":"https:\/\/amiyu.pl\/index.php?rest_route=%2Fwp%2Fv2%2Fmedia&parent=75"}],"curies":[{"name":"wp","href":"https:\/\/api.w.org\/{rel}","templated":true}]}}